{"id":138,"date":"2023-08-17T17:09:14","date_gmt":"2023-08-17T15:09:14","guid":{"rendered":"http:\/\/cardstacker.de\/impressum\/"},"modified":"2026-02-18T14:35:38","modified_gmt":"2026-02-18T13:35:38","slug":"legal-details","status":"publish","type":"page","link":"http:\/\/cardstacker.de\/en\/legal-details\/","title":{"rendered":"Legal details"},"content":{"rendered":"<div id=\"pl-138\"  class=\"panel-layout\" ><div id=\"pg-138-0\"  class=\"panel-grid panel-no-style\" ><div id=\"pgc-138-0-0\"  class=\"panel-grid-cell\" ><div id=\"panel-138-0-0-0\" class=\"so-panel widget widget_black-studio-tinymce widget_black_studio_tinymce panel-first-child panel-last-child\" data-index=\"0\" ><div class=\"textwidget\"><h1><\/h1>\n<h2><em>(only available in German)<\/em><\/h2>\n<h1>Impressum<\/h1>\n<p>Benno Lindel<br \/>\nLINDEL:GALLERIA (Einzelunternehmer)<br \/>\nAm S\u00fcdfelde 22<br \/>\nD-31311 Uetze<\/p>\n<h2>Kontakt:<\/h2>\n<p>Telefon: +49 (0) 51 73.517 29 22<br \/>\nE-Mail: mail@cardstacker.de<\/p>\n<h2>Umsatzsteuer:<\/h2>\n<p>Umsatzsteuer- Identifikationsnummer gem\u00e4\u00df \u00a727 a Umsatzsteuergesetz:<br \/>\nDE 119207004<\/p>\n<h2>Das Impressum gilt auch f\u00fcr folgende Onlinepr\u00e4senzen:<\/h2>\n<p>Facebook:\u00a0https:\/\/www.facebook.com\/sandcity.de\/<br \/>\nInstagram:\u00a0https:\/\/www.instagram.com\/sandcity.de\/<br \/>\nVimeo:\u00a0https:\/\/vimeo.com\/sandcity<br \/>\nYouTube: https:\/\/www.youtube.com\/channel\/UCsMhDzWTkzIop3CYO6kU43A?<br \/>\nPinterest: https:\/\/www.pinterest.de\/sandcityde\/<\/p>\n<blockquote class=\"wp-embedded-content\" data-secret=\"NtzrDWHxWN\"><p><a href=\"https:\/\/sandcity.de\/en\/\">Sand sculpture Events &#8211; Sculpture parks and Live Acts<\/a><\/p><\/blockquote>\n<p><iframe loading=\"lazy\" class=\"wp-embedded-content\" sandbox=\"allow-scripts\" security=\"restricted\" style=\"position: absolute; visibility: hidden;\" title=\"&#8220;Sand sculpture Events &#8211; Sculpture parks and Live Acts&#8221; &#8212; sandcity\" src=\"https:\/\/sandcity.de\/en\/embed\/#?secret=gCxOjnhsh7#?secret=NtzrDWHxWN\" data-secret=\"NtzrDWHxWN\" width=\"600\" height=\"338\" frameborder=\"0\" marginwidth=\"0\" marginheight=\"0\" scrolling=\"no\"><\/iframe><\/p>\n<blockquote class=\"wp-embedded-content\" data-secret=\"B4nMGEEPUu\"><p><a href=\"http:\/\/lindel-galleria.de\/\">Skulpturen-Events und Live Acts<\/a><\/p><\/blockquote>\n<p><iframe loading=\"lazy\" class=\"wp-embedded-content\" sandbox=\"allow-scripts\" security=\"restricted\" style=\"position: absolute; visibility: hidden;\" title=\"&#8220;Skulpturen-Events und Live Acts&#8221; &#8212; Lindel:Galleria\" src=\"http:\/\/lindel-galleria.de\/embed\/#?secret=UQv6CJfr1Z#?secret=B4nMGEEPUu\" data-secret=\"B4nMGEEPUu\" width=\"600\" height=\"338\" frameborder=\"0\" marginwidth=\"0\" marginheight=\"0\" scrolling=\"no\"><\/iframe><br \/>\nhttp:\/\/lindelgalleriapr.de\/LG-Sites<br \/>\nhttp:\/\/galleriapr.de<\/p>\n<blockquote class=\"wp-embedded-content\" data-secret=\"VYMfN5qacM\"><p><a href=\"https:\/\/icecatcher.com\/en\/\">Events of ice and snow<\/a><\/p><\/blockquote>\n<p><iframe loading=\"lazy\" class=\"wp-embedded-content\" sandbox=\"allow-scripts\" security=\"restricted\" style=\"position: absolute; visibility: hidden;\" title=\"&#8220;Events of ice and snow&#8221; &#8212; icecatcher\" src=\"https:\/\/icecatcher.com\/en\/embed\/#?secret=WtV6gBrKbX#?secret=VYMfN5qacM\" data-secret=\"VYMfN5qacM\" width=\"600\" height=\"338\" frameborder=\"0\" marginwidth=\"0\" marginheight=\"0\" scrolling=\"no\"><\/iframe><\/p>\n<blockquote class=\"wp-embedded-content\" data-secret=\"FrQECM69NT\"><p><a href=\"http:\/\/cardstacker.de\/en\/\">Cardstacking &#8211; The art of stacking a house of cards<\/a><\/p><\/blockquote>\n<p><iframe loading=\"lazy\" class=\"wp-embedded-content\" sandbox=\"allow-scripts\" security=\"restricted\" style=\"position: absolute; visibility: hidden;\" title=\"&#8220;Cardstacking &#8211; The art of stacking a house of cards&#8221; &#8212; cardstacker\" src=\"http:\/\/cardstacker.de\/en\/embed\/#?secret=lJb9dbT6f8#?secret=FrQECM69NT\" data-secret=\"FrQECM69NT\" width=\"600\" height=\"338\" frameborder=\"0\" marginwidth=\"0\" marginheight=\"0\" scrolling=\"no\"><\/iframe><br \/>\nhttp:\/\/wisci.de<br \/>\nhttp:\/\/zukunftsladen.de<\/p>\n<h2>Angaben zur Berufshaftpflichtversicherung<\/h2>\n<p>R+V Allgemeine Versicherung AG<br \/>\nVoltastra\u00dfe 84<br \/>\n60486 Frankfurt<\/p>\n<h2>Streitschlichtung<\/h2>\n<p>Wir sind nicht bereit oder verpflichtet, an Streitbeilegungsverfahren vor einer Verbraucherschlichtungsstelle teilzunehmen.<\/p>\n<h2>Haftung f\u00fcr Inhalte<\/h2>\n<p>Als Diensteanbieter sind wir gem\u00e4\u00df \u00a7 7 Abs.1 TMG f\u00fcr eigene Inhalte auf diesen Seiten nach den allgemeinen Gesetzen verantwortlich. Nach \u00a7\u00a7 8 bis 10 TMG sind wir als Diensteanbieter jedoch nicht verpflichtet, \u00fcbermittelte oder gespeicherte fremde Informationen zu \u00fcberwachen oder nach Umst\u00e4nden zu forschen, die auf eine rechtswidrige T\u00e4tigkeit hinweisen.<\/p>\n<p>Verpflichtungen zur Entfernung oder Sperrung der Nutzung von Informationen nach den allgemeinen Gesetzen bleiben hiervon unber\u00fchrt. Eine diesbez\u00fcgliche Haftung ist jedoch erst ab dem Zeitpunkt der Kenntnis einer konkreten Rechtsverletzung m\u00f6glich. Bei Bekanntwerden von entsprechenden Rechtsverletzungen werden wir diese Inhalte umgehend entfernen.<\/p>\n<h2>Haftung f\u00fcr Links<\/h2>\n<p>Unser Angebot enth\u00e4lt Links zu externen Websites Dritter, auf deren Inhalte wir keinen Einfluss haben. Deshalb k\u00f6nnen wir f\u00fcr diese fremden Inhalte auch keine Gew\u00e4hr \u00fcbernehmen. F\u00fcr die Inhalte der verlinkten Seiten ist stets der jeweilige Anbieter oder Betreiber der Seiten verantwortlich. Die verlinkten Seiten wurden zum Zeitpunkt der Verlinkung auf m\u00f6gliche Rechtsverst\u00f6\u00dfe \u00fcberpr\u00fcft. Rechtswidrige Inhalte waren zum Zeitpunkt der Verlinkung nicht erkennbar.<\/p>\n<p>Eine permanente inhaltliche Kontrolle der verlinkten Seiten ist jedoch ohne konkrete Anhaltspunkte einer Rechtsverletzung nicht zumutbar. Bei Bekanntwerden von Rechtsverletzungen werden wir derartige Links umgehend entfernen.<\/p>\n<h2>Urheberrecht<\/h2>\n<p>Die durch die Seitenbetreiber erstellten Inhalte und Werke auf diesen Seiten unterliegen dem deutschen Urheberrecht. Die Vervielf\u00e4ltigung, Bearbeitung, Verbreitung und jede Art der Verwertung au\u00dferhalb der Grenzen des Urheberrechtes bed\u00fcrfen der schriftlichen Zustimmung des jeweiligen Autors bzw. Erstellers. Downloads und Kopien dieser Seite sind nur f\u00fcr den privaten, nicht kommerziellen Gebrauch gestattet.<\/p>\n<p>Soweit die Inhalte auf dieser Seite nicht vom Betreiber erstellt wurden, werden die Urheberrechte Dritter beachtet. Insbesondere werden Inhalte Dritter als solche gekennzeichnet. Sollten Sie trotzdem auf eine Urheberrechtsverletzung aufmerksam werden, bitten wir um einen entsprechenden Hinweis. Bei Bekanntwerden von Rechtsverletzungen werden wir derartige Inhalte umgehend entfernen.<\/p>\n<p>Quelle: <a href=\"https:\/\/www.e-recht24.de\">e-recht24.de<\/a><\/p>\n<\/div><\/div><\/div><\/div><\/div>","protected":false},"excerpt":{"rendered":"<p>(only available in German) Impressum Benno Lindel LINDEL:GALLERIA (Einzelunternehmer) Am S\u00fcdfelde 22 D-31311 Uetze Kontakt: Telefon: +49 (0) 51 73.517 29 22 E-Mail: mail@cardstacker.de Umsatzsteuer: Umsatzsteuer- Identifikationsnummer gem\u00e4\u00df \u00a727 a Umsatzsteuergesetz: DE 119207004 Das Impressum gilt auch f\u00fcr folgende Onlinepr\u00e4senzen: Facebook:\u00a0https:\/\/www.facebook.com\/sandcity.de\/ Instagram:\u00a0https:\/\/www.instagram.com\/sandcity.de\/ Vimeo:\u00a0https:\/\/vimeo.com\/sandcity YouTube: https:\/\/www.youtube.com\/channel\/UCsMhDzWTkzIop3CYO6kU43A? Pinterest: https:\/\/www.pinterest.de\/sandcityde\/ https:\/\/sandcity.de http:\/\/lindel-galleria.de http:\/\/lindelgalleriapr.de\/LG-Sites http:\/\/galleriapr.de https:\/\/icecatcher.com http:\/\/cardstacker.de http:\/\/wisci.de http:\/\/zukunftsladen.de [&hellip;]<\/p>\n","protected":false},"author":1,"featured_media":0,"parent":0,"menu_order":20,"comment_status":"closed","ping_status":"closed","template":"","meta":{"footnotes":""},"class_list":["post-138","page","type-page","status-publish","hentry","post"],"yoast_head":"<!-- This site is optimized with the Yoast SEO plugin v27.2 - https:\/\/yoast.com\/product\/yoast-seo-wordpress\/ -->\n<title>Legal details - cardstacker<\/title>\n<meta name=\"robots\" content=\"index, follow, max-snippet:-1, max-image-preview:large, max-video-preview:-1\" \/>\n<link rel=\"canonical\" href=\"http:\/\/cardstacker.de\/en\/legal-details\/\" \/>\n<meta property=\"og:locale\" content=\"en_US\" \/>\n<meta property=\"og:type\" content=\"article\" \/>\n<meta property=\"og:title\" content=\"Legal details - cardstacker\" \/>\n<meta property=\"og:description\" content=\"(only available in German) Impressum Benno Lindel LINDEL:GALLERIA (Einzelunternehmer) Am S\u00fcdfelde 22 D-31311 Uetze Kontakt: Telefon: +49 (0) 51 73.517 29 22 E-Mail: mail@cardstacker.de Umsatzsteuer: Umsatzsteuer- Identifikationsnummer gem\u00e4\u00df \u00a727 a Umsatzsteuergesetz: DE 119207004 Das Impressum gilt auch f\u00fcr folgende Onlinepr\u00e4senzen: Facebook:\u00a0https:\/\/www.facebook.com\/sandcity.de\/ Instagram:\u00a0https:\/\/www.instagram.com\/sandcity.de\/ Vimeo:\u00a0https:\/\/vimeo.com\/sandcity YouTube: https:\/\/www.youtube.com\/channel\/UCsMhDzWTkzIop3CYO6kU43A? Pinterest: https:\/\/www.pinterest.de\/sandcityde\/ https:\/\/sandcity.de http:\/\/lindel-galleria.de http:\/\/lindelgalleriapr.de\/LG-Sites http:\/\/galleriapr.de https:\/\/icecatcher.com http:\/\/cardstacker.de http:\/\/wisci.de http:\/\/zukunftsladen.de [&hellip;]\" \/>\n<meta property=\"og:url\" content=\"http:\/\/cardstacker.de\/en\/legal-details\/\" \/>\n<meta property=\"og:site_name\" content=\"cardstacker\" \/>\n<meta property=\"article:modified_time\" content=\"2026-02-18T13:35:38+00:00\" \/>\n<meta name=\"twitter:card\" content=\"summary_large_image\" \/>\n<meta name=\"twitter:label1\" content=\"Est. reading time\" \/>\n\t<meta name=\"twitter:data1\" content=\"2 minutes\" \/>\n<script type=\"application\/ld+json\" class=\"yoast-schema-graph\">{\"@context\":\"https:\/\/schema.org\",\"@graph\":[{\"@type\":\"WebPage\",\"@id\":\"http:\/\/cardstacker.de\/en\/legal-details\/\",\"url\":\"http:\/\/cardstacker.de\/en\/legal-details\/\",\"name\":\"Legal details - cardstacker\",\"isPartOf\":{\"@id\":\"http:\/\/cardstacker.de\/en\/#website\"},\"datePublished\":\"2023-08-17T15:09:14+00:00\",\"dateModified\":\"2026-02-18T13:35:38+00:00\",\"breadcrumb\":{\"@id\":\"http:\/\/cardstacker.de\/en\/legal-details\/#breadcrumb\"},\"inLanguage\":\"en-US\",\"potentialAction\":[{\"@type\":\"ReadAction\",\"target\":[\"http:\/\/cardstacker.de\/en\/legal-details\/\"]}]},{\"@type\":\"BreadcrumbList\",\"@id\":\"http:\/\/cardstacker.de\/en\/legal-details\/#breadcrumb\",\"itemListElement\":[{\"@type\":\"ListItem\",\"position\":1,\"name\":\"Startseite\",\"item\":\"http:\/\/cardstacker.de\/en\/\"},{\"@type\":\"ListItem\",\"position\":2,\"name\":\"Legal details\"}]},{\"@type\":\"WebSite\",\"@id\":\"http:\/\/cardstacker.de\/en\/#website\",\"url\":\"http:\/\/cardstacker.de\/en\/\",\"name\":\"cardstacker\",\"description\":\"Die Kunst des Kartenhaus-Baus\",\"publisher\":{\"@id\":\"http:\/\/cardstacker.de\/en\/#organization\"},\"potentialAction\":[{\"@type\":\"SearchAction\",\"target\":{\"@type\":\"EntryPoint\",\"urlTemplate\":\"http:\/\/cardstacker.de\/en\/?s={search_term_string}\"},\"query-input\":{\"@type\":\"PropertyValueSpecification\",\"valueRequired\":true,\"valueName\":\"search_term_string\"}}],\"inLanguage\":\"en-US\"},{\"@type\":\"Organization\",\"@id\":\"http:\/\/cardstacker.de\/en\/#organization\",\"name\":\"cardstacker\",\"url\":\"http:\/\/cardstacker.de\/en\/\",\"logo\":{\"@type\":\"ImageObject\",\"inLanguage\":\"en-US\",\"@id\":\"http:\/\/cardstacker.de\/en\/#\/schema\/logo\/image\/\",\"url\":\"http:\/\/cardstacker.de\/wp-content\/uploads\/sites\/4\/2023\/08\/logo-cardstacker-1x.png\",\"contentUrl\":\"http:\/\/cardstacker.de\/wp-content\/uploads\/sites\/4\/2023\/08\/logo-cardstacker-1x.png\",\"width\":150,\"height\":17,\"caption\":\"cardstacker\"},\"image\":{\"@id\":\"http:\/\/cardstacker.de\/en\/#\/schema\/logo\/image\/\"}}]}<\/script>\n<!-- \/ Yoast SEO plugin. -->","yoast_head_json":{"title":"Legal details - cardstacker","robots":{"index":"index","follow":"follow","max-snippet":"max-snippet:-1","max-image-preview":"max-image-preview:large","max-video-preview":"max-video-preview:-1"},"canonical":"http:\/\/cardstacker.de\/en\/legal-details\/","og_locale":"en_US","og_type":"article","og_title":"Legal details - cardstacker","og_description":"(only available in German) Impressum Benno Lindel LINDEL:GALLERIA (Einzelunternehmer) Am S\u00fcdfelde 22 D-31311 Uetze Kontakt: Telefon: +49 (0) 51 73.517 29 22 E-Mail: mail@cardstacker.de Umsatzsteuer: Umsatzsteuer- Identifikationsnummer gem\u00e4\u00df \u00a727 a Umsatzsteuergesetz: DE 119207004 Das Impressum gilt auch f\u00fcr folgende Onlinepr\u00e4senzen: Facebook:\u00a0https:\/\/www.facebook.com\/sandcity.de\/ Instagram:\u00a0https:\/\/www.instagram.com\/sandcity.de\/ Vimeo:\u00a0https:\/\/vimeo.com\/sandcity YouTube: https:\/\/www.youtube.com\/channel\/UCsMhDzWTkzIop3CYO6kU43A? Pinterest: https:\/\/www.pinterest.de\/sandcityde\/ https:\/\/sandcity.de http:\/\/lindel-galleria.de http:\/\/lindelgalleriapr.de\/LG-Sites http:\/\/galleriapr.de https:\/\/icecatcher.com http:\/\/cardstacker.de http:\/\/wisci.de http:\/\/zukunftsladen.de [&hellip;]","og_url":"http:\/\/cardstacker.de\/en\/legal-details\/","og_site_name":"cardstacker","article_modified_time":"2026-02-18T13:35:38+00:00","twitter_card":"summary_large_image","twitter_misc":{"Est. reading time":"2 minutes"},"schema":{"@context":"https:\/\/schema.org","@graph":[{"@type":"WebPage","@id":"http:\/\/cardstacker.de\/en\/legal-details\/","url":"http:\/\/cardstacker.de\/en\/legal-details\/","name":"Legal details - cardstacker","isPartOf":{"@id":"http:\/\/cardstacker.de\/en\/#website"},"datePublished":"2023-08-17T15:09:14+00:00","dateModified":"2026-02-18T13:35:38+00:00","breadcrumb":{"@id":"http:\/\/cardstacker.de\/en\/legal-details\/#breadcrumb"},"inLanguage":"en-US","potentialAction":[{"@type":"ReadAction","target":["http:\/\/cardstacker.de\/en\/legal-details\/"]}]},{"@type":"BreadcrumbList","@id":"http:\/\/cardstacker.de\/en\/legal-details\/#breadcrumb","itemListElement":[{"@type":"ListItem","position":1,"name":"Startseite","item":"http:\/\/cardstacker.de\/en\/"},{"@type":"ListItem","position":2,"name":"Legal details"}]},{"@type":"WebSite","@id":"http:\/\/cardstacker.de\/en\/#website","url":"http:\/\/cardstacker.de\/en\/","name":"cardstacker","description":"Die Kunst des Kartenhaus-Baus","publisher":{"@id":"http:\/\/cardstacker.de\/en\/#organization"},"potentialAction":[{"@type":"SearchAction","target":{"@type":"EntryPoint","urlTemplate":"http:\/\/cardstacker.de\/en\/?s={search_term_string}"},"query-input":{"@type":"PropertyValueSpecification","valueRequired":true,"valueName":"search_term_string"}}],"inLanguage":"en-US"},{"@type":"Organization","@id":"http:\/\/cardstacker.de\/en\/#organization","name":"cardstacker","url":"http:\/\/cardstacker.de\/en\/","logo":{"@type":"ImageObject","inLanguage":"en-US","@id":"http:\/\/cardstacker.de\/en\/#\/schema\/logo\/image\/","url":"http:\/\/cardstacker.de\/wp-content\/uploads\/sites\/4\/2023\/08\/logo-cardstacker-1x.png","contentUrl":"http:\/\/cardstacker.de\/wp-content\/uploads\/sites\/4\/2023\/08\/logo-cardstacker-1x.png","width":150,"height":17,"caption":"cardstacker"},"image":{"@id":"http:\/\/cardstacker.de\/en\/#\/schema\/logo\/image\/"}}]}},"_links":{"self":[{"href":"http:\/\/cardstacker.de\/en\/wp-json\/wp\/v2\/pages\/138","targetHints":{"allow":["GET"]}}],"collection":[{"href":"http:\/\/cardstacker.de\/en\/wp-json\/wp\/v2\/pages"}],"about":[{"href":"http:\/\/cardstacker.de\/en\/wp-json\/wp\/v2\/types\/page"}],"author":[{"embeddable":true,"href":"http:\/\/cardstacker.de\/en\/wp-json\/wp\/v2\/users\/1"}],"replies":[{"embeddable":true,"href":"http:\/\/cardstacker.de\/en\/wp-json\/wp\/v2\/comments?post=138"}],"version-history":[{"count":2,"href":"http:\/\/cardstacker.de\/en\/wp-json\/wp\/v2\/pages\/138\/revisions"}],"predecessor-version":[{"id":199,"href":"http:\/\/cardstacker.de\/en\/wp-json\/wp\/v2\/pages\/138\/revisions\/199"}],"wp:attachment":[{"href":"http:\/\/cardstacker.de\/en\/wp-json\/wp\/v2\/media?parent=138"}],"curies":[{"name":"wp","href":"https:\/\/api.w.org\/{rel}","templated":true}]}}